{"id":163,"date":"2025-11-12T09:42:56","date_gmt":"2025-11-12T08:42:56","guid":{"rendered":"https:\/\/www2.bepalo.de\/?page_id=163"},"modified":"2026-03-13T18:53:38","modified_gmt":"2026-03-13T17:53:38","slug":"home-dsh","status":"publish","type":"page","link":"https:\/\/www.bepalo.de\/en_us\/","title":{"rendered":"home"},"content":{"rendered":"<div  data-label=\"Features\" data-id=\"features--1\" data-export-id=\"features-12\" data-category=\"features\" class=\"features-12 content-section content-section-spacing\" id=\"features-1\" style=\"background-color: rgb(255, 255, 255);\"><div  class=\"gridContainer\"> <div  class=\"row text-center\"><div  class=\"section-title-col\" data-type=\"column\"> <h2  class=\"\" style=\"border-bottom-color: rgb(255, 159, 71);\">What we are really good at<\/h2> <p  class=\"lead\" style=\"text-align: center;\"><span  style=\"font-weight: 600;\"><span  style=\"color: rgb(18, 121, 143);\">Experience meets innovation<\/span>:<\/span> We are a team of specialists with many years of experience in payroll to design your payroll for tomorrow - efficiently, accurately, and tailored to your individual needs. We combine the highest level of expertise with digital productivity and personal service.<\/p><\/div> <\/div> <div  class=\"row spaced-cols\" data-type=\"row\"> <div  class=\"col-sm-6\"> <div  class=\"row space-bottom\"> <div  class=\"col-sm-fit icon-column\"> <i  class=\"fa icon fa-connectdevelop bordered round color4\"><\/i> <\/div> <div  class=\"col-sm\" data-type=\"column\"> <h5  class=\"color2\"><span  style=\"color: rgb(40, 25, 181);\">Our history<\/span><\/h5> <p  class=\"\"><span  style=\"color: rgb(18, 121, 143); font-weight: 400;\">From practice for practice:<\/span>Our team consists of experienced payroll experts who have worked for many years in leading tax consulting firms, payroll centers and HR departments. \n<br ><br >Together we share a vision - to rethink payroll: <span  style=\"font-weight: 400; color: rgb(18, 121, 143);\">more modern, clearer, more efficient.<\/span><\/p><\/div> <\/div><\/div> <div  class=\"col-sm-6\"><div  class=\"row space-bottom\"> <div  class=\"col-sm-fit icon-column\"><i  class=\"fa icon fa-codepen bordered round color4\"><\/i><\/div> <div  class=\"col-sm\" data-type=\"column\"><h5  class=\"color2\"><span  style=\"color: rgb(40, 25, 181);\">Trust, quality, service<\/span><\/h5> <p  class=\"\" style=\"text-align: left;\">We believe that payroll accounting is more than just routine. It is a central element of modern business management - and deserves the best support.\n<br ><br >\n<br ><span  style=\"font-weight: 400; color: rgb(18, 121, 143);\">\u201eExperience that connects - expertise that convinces - service that inspires.\u201c<\/span><\/p><\/div> <\/div><\/div>   <\/div><\/div> <\/div><div  data-label=\"Team\" data-id=\"team--1\" data-export-id=\"team-2\" data-category=\"team\" class=\"team-2 content-section content-section-spacing content-relative\" id=\"team-1\" style=\"background-color: rgba(255, 255, 255, 0); background-image: none;\" data-section-ov=\"1\"><div  class=\"gridContainer\"> <div  class=\"row text-center\"><div  class=\"section-title-col\" data-type=\"column\"> <h2  class=\"\" style=\"border-bottom-color: rgb(255, 159, 71);\">We for you<\/h2> <p  class=\"lead\">We know our clients personally, respond quickly to their needs and deliver professional payroll solutions -<span  style=\"color: rgb(18, 121, 143); font-weight: 400;\"> efficiently, transparently, and cost-effectively.<\/span><\/p><\/div> <\/div> <div  class=\"row spaced-cols content-center-sm center-sm\" data-type=\"row\">   <div  class=\"col-sm-6 col-md-3\"> <div  class=\"card y-move no-padding bordered\"> <a  data-cp-link=\"1\" href=\"#\"><img  decoding=\"async\" class=\"face\" src=\"https:\/\/www.bepalo.de\/wp-content\/uploads\/2025\/11\/Klimm.jpeg\" title=\"Klimm Georg\" alt=\"\"><\/a> <div  data-type=\"column\" class=\"col-padding-small col-padding-small-xs description-container\"> <h4  class=\"font-500\">Georg Klimm<\/h4> <p  class=\"small\" style=\"font-style: italic;\">Management<\/p> <div  class=\"social-icons-group\" data-type=\"group\"> <a  href=\"#\" target=\"_self\" data-reiki-hidden=\"true\" rel=\"noopener\"><i  class=\"fa icon fa-facebook-square gray\"><\/i><\/a> <a  href=\"#\" target=\"_self\" data-reiki-hidden=\"true\" rel=\"noopener\"><i  class=\"fa icon fa-twitter-square gray\"><\/i><\/a> <a  href=\"https:\/\/www.linkedin.com\/in\/georg-klimm-86231b48\" target=\"_blank\" rel=\"noopener\" class=\"\"><i  class=\"fa icon fa-linkedin-square gray\"><\/i><\/a> <a  href=\"#\" target=\"_self\" data-reiki-hidden=\"true\" rel=\"noopener\"><i  class=\"fa icon fa-google-plus-square gray\"><\/i><\/a><\/div> <\/div><\/div> <\/div>     <div  class=\"col-sm-6 col-md-3\"> <div  class=\"card y-move no-padding bordered\"> <a  data-cp-link=\"1\" href=\"#\" target=\"_self\"><img  decoding=\"async\" class=\"face\" src=\"https:\/\/www.bepalo.de\/wp-content\/uploads\/2025\/11\/cropped-cropped-cropped-1-_FSN0003-2.jpg\" title=\"Klimm Georg\" alt=\"\"><\/a> <div  data-type=\"column\" class=\"col-padding-small col-padding-small-xs description-container\"> <h4  class=\"font-500\">Andreas Kruse<\/h4> <p  class=\"small\" style=\"font-style: italic;\">Leiter Entgeltabrechnung<\/p> <div  class=\"social-icons-group\" data-type=\"group\"> <a  href=\"#\" target=\"_self\" data-reiki-hidden=\"true\" rel=\"noopener\"><i  class=\"fa icon fa-facebook-square gray\"><\/i><\/a> <a  href=\"#\" target=\"_self\" data-reiki-hidden=\"true\" rel=\"noopener\"><i  class=\"fa icon fa-twitter-square gray\"><\/i><\/a> <a  href=\"https:\/\/www.linkedin.com\/in\/andreas-kruse-432b44336\" target=\"_blank\" rel=\"noopener\" class=\"\"><i  class=\"fa icon fa-linkedin-square gray\"><\/i><\/a> <a  href=\"#\" target=\"_self\" data-reiki-hidden=\"true\" rel=\"noopener\"><i  class=\"fa icon fa-google-plus-square gray\"><\/i><\/a><\/div> <\/div><\/div> <\/div><div  class=\"col-sm-6 col-md-3\"> <div  class=\"card y-move no-padding bordered\"> <a  data-cp-link=\"1\" href=\"#\" target=\"_self\"><img  decoding=\"async\" class=\"face\" src=\"https:\/\/www.bepalo.de\/wp-content\/uploads\/2025\/11\/cropped-1024-768-2.png\" title=\"Klimm Georg\" alt=\"\"><\/a> <div  data-type=\"column\" class=\"col-padding-small col-padding-small-xs description-container\"> <h4  class=\"font-500\">Ralf Zander<\/h4> <p  class=\"small\" style=\"font-style: italic;\">CRO &amp; Vertriebsleiter<\/p> <div  class=\"social-icons-group\" data-type=\"group\"> <a  href=\"#\" target=\"_self\" data-reiki-hidden=\"true\" rel=\"noopener\"><i  class=\"fa icon fa-facebook-square gray\"><\/i><\/a> <a  href=\"#\" target=\"_self\" data-reiki-hidden=\"true\" rel=\"noopener\"><i  class=\"fa icon fa-twitter-square gray\"><\/i><\/a> <a  href=\"https:\/\/www.linkedin.com\/in\/ralf-zander-payroll-\" target=\"_blank\" rel=\"noopener\" class=\"\"><i  class=\"fa icon fa-linkedin-square gray\"><\/i><\/a> <a  href=\"#\" target=\"_self\" data-reiki-hidden=\"true\" rel=\"noopener\"><i  class=\"fa icon fa-google-plus-square gray\"><\/i><\/a><\/div> <h5  class=\"\">+49 151 7456 1866<span  id=\"_mce_caret\" data-mce-bogus=\"1\" data-mce-type=\"format-caret\"><\/span><\/h5><\/div><\/div> <\/div><\/div> <\/div><\/div><div  data-label=\"Cta\" data-id=\"cta--1\" data-export-id=\"cta-blue-section\" data-category=\"cta\" class=\"cta-blue-section content-section content-section-spacing-medium bg-color1 white-text\" id=\"cta-1\" style=\"background-image: none; background-color: rgb(18, 121, 143);\" data-section-ov=\"1\"><div  class=\"gridContainer\"> <div  class=\"row middle-xs\"><div  class=\"col-sm-8 space-bottom-xs\" data-type=\"column\"> <h2  class=\"\" style=\"border-bottom-color: rgb(255, 159, 71);\">How can we help you today?<\/h2> <\/div> <div  class=\"col-sm-4 end-sm\" data-type=\"column\"> <a  class=\"button color5\" href=\"https:\/\/www.bepalo.de\/index.php\/kontakt\" target=\"_self\" data-cp-link=\"1\" data-icon=\"\" rel=\"noopener\">KONTAKT<\/a><\/div> <\/div><\/div> <\/div>","protected":false},"excerpt":{"rendered":"<p>Was wir wirklich gut k\u00f6nnen Erfahrung trifft Innovation: Wir sind ein Team aus langj\u00e4hrig erfahrenen Spezialisten der Lohn- und Gehaltsabrechnung, um Ihre Lohnabrechnung von morgen zu gestalten \u2013 effizient, pr\u00e4zise und auf Ihre Bed\u00fcrfnisse individuell zugeschnitten.&nbsp;Wir vereinen h\u00f6chste Fachkompetenz mit digitaler Leistungsf\u00e4higkeit und pers\u00f6nlichem Service. Unsere Geschichte Aus der Praxis f\u00fcr die Praxis: Unser Team&hellip; <br \/> <a class=\"read-more\" href=\"https:\/\/www.bepalo.de\/en_us\/\">Read more<\/a><\/p>","protected":false},"author":2,"featured_media":158,"parent":0,"menu_order":0,"comment_status":"closed","ping_status":"closed","template":"pro\/page-templates\/full-width-page.php","meta":{"footnotes":""},"class_list":["post-163","page","type-page","status-publish","has-post-thumbnail","hentry"],"_links":{"self":[{"href":"https:\/\/www.bepalo.de\/en_us\/wp-json\/wp\/v2\/pages\/163","targetHints":{"allow":["GET"]}}],"collection":[{"href":"https:\/\/www.bepalo.de\/en_us\/wp-json\/wp\/v2\/pages"}],"about":[{"href":"https:\/\/www.bepalo.de\/en_us\/wp-json\/wp\/v2\/types\/page"}],"author":[{"embeddable":true,"href":"https:\/\/www.bepalo.de\/en_us\/wp-json\/wp\/v2\/users\/2"}],"replies":[{"embeddable":true,"href":"https:\/\/www.bepalo.de\/en_us\/wp-json\/wp\/v2\/comments?post=163"}],"version-history":[{"count":30,"href":"https:\/\/www.bepalo.de\/en_us\/wp-json\/wp\/v2\/pages\/163\/revisions"}],"predecessor-version":[{"id":577,"href":"https:\/\/www.bepalo.de\/en_us\/wp-json\/wp\/v2\/pages\/163\/revisions\/577"}],"wp:featuredmedia":[{"embeddable":true,"href":"https:\/\/www.bepalo.de\/en_us\/wp-json\/wp\/v2\/media\/158"}],"wp:attachment":[{"href":"https:\/\/www.bepalo.de\/en_us\/wp-json\/wp\/v2\/media?parent=163"}],"curies":[{"name":"wp","href":"https:\/\/api.w.org\/{rel}","templated":true}]}}