{"id":165,"date":"2025-11-12T09:43:31","date_gmt":"2025-11-12T09:43:31","guid":{"rendered":"https:\/\/www2.bepalo.de\/?page_id=165"},"modified":"2025-11-14T13:10:48","modified_gmt":"2025-11-14T13:10:48","slug":"leistungen","status":"publish","type":"page","link":"https:\/\/www.bepalo.de\/en_us\/leistungen\/","title":{"rendered":"Services"},"content":{"rendered":"<div  data-label=\"Overlappable\" data-id=\"overlappable--1\" data-export-id=\"overlappable-4\" data-category=\"overlappable\" class=\"overlappable-4 content-section content-section-spacing\" data-overlap=\"true\" id=\"overlappable-1\" style=\"background-color: rgb(255, 255, 255);\"><div  class=\"gridContainer\"> <div  data-type=\"row\" class=\"row spaced-cols text-center\"><div  class=\"col-xs-12 col-sm-4 col-padding\"> <i  class=\"fa icon shadow-large-black aligncenter fa-bullseye reverse round large color1\"><\/i> <div  data-type=\"column\" class=\"\"> <h5  class=\"\"><span  style=\"color: rgb(40, 25, 181);\">Your advantages with <span  style=\"color: rgb(255, 159, 71);\">payroll by bepalo<\/span><\/span><\/h5> <p  class=\"\" style=\"text-align: left;\"><span  style=\"font-weight: 400;\">Highest quality thanks \n<br >to experienced payroll specialists\n<\/span><br ><br ><span  style=\"font-weight: 400;\">Continuous availability,\n<br >by telephone or digitally<\/span><br ><br ><span  style=\"font-weight: 400;\">Dedicated personal contact person\n<br >with designated substitute<\/span><br >\n\n<br ><span  style=\"font-weight: 400;\">GDPR-compliant \n<br >domestic data processing<\/span><br >\n\n<br ><span  style=\"font-weight: 400;\">Relief for tax advisors and clients<\/span><br >\n\n<br ><span  style=\"font-weight: 600; color: rgb(18, 121, 143);\">Transparent and calculable cost structure thanks to an affordable all-in price \n<br >.<\/span><\/p><\/div> <\/div> <div  class=\"col-xs-12 col-sm-4 col-padding\"> <i  class=\"fa icon fa-cogs large shadow-large-black round aligncenter reverse color1\"><\/i> <div  data-type=\"column\" class=\"\"><h5  class=\"\"><span  style=\"color: rgb(40, 25, 181);\">Our services<\/span><\/h5> <p  class=\"\" style=\"text-align: left;\"><span  style=\"font-weight: 600; color: rgb(107, 124, 147);\">Complete payroll accounting (including construction payroll)<\/span><br ><br ><span  style=\"font-weight: 400; color: rgb(107, 124, 147);\">Digital document sharing via a secure portal<\/span><br ><br ><span  style=\"font-weight: 400; color: rgb(107, 124, 147);\">Support during tax audits<\/span><br ><br ><span  style=\"font-weight: 400; color: rgb(107, 124, 147);\">Provide compiled data for your tax advisor<\/span><\/p><\/div> <\/div> <div  class=\"col-xs-12 col-sm-4 col-padding\"> <i  class=\"fa icon shadow-large-black aligncenter fa-magic reverse round large color1\"><\/i> <div  data-type=\"column\" class=\"\"><h5  class=\"\"><span  style=\"color: rgb(40, 25, 181);\">Our promises<\/span><\/h5> <p  class=\"\" style=\"text-align: left;\"><span  style=\"font-weight: 400;\">Highest quality standards in payroll<\/span><br >\n\n<br ><span  style=\"font-weight: 400;\">Professional excellence - in-depth knowledge of tax and social security law<\/span><br >\n\n<br ><span  style=\"font-weight: 400;\">Digital expertise - latest tools and software solutions<\/span><br ><br ><span  style=\"font-weight: 400;\">Personal proximity - dedicated contact person and clear communication<\/span><br >\n\n<br ><br ><span  style=\"font-weight: 600; color: rgb(18, 121, 143);\">\u201eQuality you can feel - service that inspires confidence.\u201c<\/span><\/p><\/div> <\/div><\/div> <\/div><\/div><div  data-label=\"Features\" data-id=\"features--1\" data-export-id=\"features-13-card-bordered\" data-category=\"features\" class=\"features-13 content-section content-section-spacing\" id=\"features-1\" style=\"background-color: rgb(245, 250, 253);\"><div  class=\"gridContainer\"> <div  class=\"row text-center\"><div  class=\"section-title-col\" data-type=\"column\"> <h2  class=\"\" style=\"border-bottom-color: rgb(255, 159, 71);\">Digital payroll portal<\/h2> <p  class=\"lead\">Your employees will love it<\/p><\/div> <\/div> <div  class=\"row spaced-cols content-center-sm center-sm\" data-type=\"row\"> <div  class=\"col-sm-4 col-md-6\"> <div  class=\"card bordered y-move\" data-type=\"column\"> <i  class=\"fa icon fa-codepen big round reverse color1\"><\/i> <h4  class=\"\">Digital payroll portal<\/h4> <p  class=\"\">Our digital platform offers maximum transparency:<br ><br >- Employees can access their payslips online\n<br ><br >\n- Tax advisors have direct access to all relevant data for financial accounting and financial statements via our portal\n<br ><br >\n- Secure, encrypted data transmission<\/p> <\/div> <\/div>  <\/div> <\/div><\/div><div  data-label=\"Cta\" data-id=\"cta--1\" data-export-id=\"cta-blue-section\" data-category=\"cta\" class=\"cta-blue-section content-section content-section-spacing-medium bg-color1 white-text\" id=\"cta-1\" style=\"background-color: rgb(18, 121, 143); background-image: none;\"><div  class=\"gridContainer\"> <div  class=\"row middle-xs\"><div  class=\"col-sm-8 space-bottom-xs\" data-type=\"column\"> <h2  class=\"\" style=\"border-bottom-color: rgb(255, 159, 71);\">How can we help you today?<\/h2> <\/div> <div  class=\"col-sm-4 end-sm\" data-type=\"column\"> <a class=\"button color5\" href=\"https:\/\/www.bepalo.de\/index.php\/kontakt\" target=\"_self\" data-cp-link=\"1\" data-icon=\"\" rel=\"noopener\">Contact us<\/a><\/div> <\/div><\/div> <\/div>","protected":false},"excerpt":{"rendered":"<p>Ihre Vorteile mit Lohn by bepalo H\u00f6chste Qualit\u00e4t durch erfahrene Lohnspezialisten Durchg\u00e4ngige Erreichbarkeit, telefonisch oder digitalFester pers\u00f6nlicher Ansprechpartner mit fester Vertretung DSGVO-konforme inl\u00e4ndische Datenverarbeitung Entlastung f\u00fcr Steuerberater und Mandanten Transparente und kalkulierbare Kostenstruktur durch einen g\u00fcnstigen All-in-Preis Unsere Leistungen Komplette Lohn- und Gehaltsabrechnung (auch f\u00fcr Baulohn)Digitale Dokumentenbereitstellung \u00fcber ein sicheres PortalBegleitung bei Betriebspr\u00fcfungenBereitstellung aufbereiteter Daten&hellip; <br \/> <a class=\"read-more\" href=\"https:\/\/www.bepalo.de\/en_us\/leistungen\/\">Read more<\/a><\/p>","protected":false},"author":2,"featured_media":0,"parent":0,"menu_order":0,"comment_status":"closed","ping_status":"closed","template":"pro\/page-templates\/full-width-page.php","meta":{"footnotes":""},"class_list":["post-165","page","type-page","status-publish","hentry"],"_links":{"self":[{"href":"https:\/\/www.bepalo.de\/en_us\/wp-json\/wp\/v2\/pages\/165","targetHints":{"allow":["GET"]}}],"collection":[{"href":"https:\/\/www.bepalo.de\/en_us\/wp-json\/wp\/v2\/pages"}],"about":[{"href":"https:\/\/www.bepalo.de\/en_us\/wp-json\/wp\/v2\/types\/page"}],"author":[{"embeddable":true,"href":"https:\/\/www.bepalo.de\/en_us\/wp-json\/wp\/v2\/users\/2"}],"replies":[{"embeddable":true,"href":"https:\/\/www.bepalo.de\/en_us\/wp-json\/wp\/v2\/comments?post=165"}],"version-history":[{"count":14,"href":"https:\/\/www.bepalo.de\/en_us\/wp-json\/wp\/v2\/pages\/165\/revisions"}],"predecessor-version":[{"id":312,"href":"https:\/\/www.bepalo.de\/en_us\/wp-json\/wp\/v2\/pages\/165\/revisions\/312"}],"wp:attachment":[{"href":"https:\/\/www.bepalo.de\/en_us\/wp-json\/wp\/v2\/media?parent=165"}],"curies":[{"name":"wp","href":"https:\/\/api.w.org\/{rel}","templated":true}]}}