{"id":2,"date":"2025-11-03T20:07:06","date_gmt":"2025-11-03T20:07:06","guid":{"rendered":"https:\/\/www2.bepalo.de\/?page_id=2"},"modified":"2025-12-22T17:38:56","modified_gmt":"2025-12-22T16:38:56","slug":"impressum","status":"publish","type":"page","link":"https:\/\/www.bepalo.de\/en_us\/impressum\/","title":{"rendered":"Imprint"},"content":{"rendered":"<div  data-label=\"Content\" data-id=\"content--1\" data-export-id=\"content-12\" data-category=\"content\" class=\"content-12 content-section content-section-spacing\" id=\"content-1\" style=\"background-color: rgb(245, 250, 253);\"><div  class=\"gridContainer\"> <div  class=\"row text-center\"><div  class=\"section-title-col\" data-type=\"column\"> <h2  class=\"\">Imprint<\/h2> <p  class=\"lead\" style=\"text-align: left;\"><span  style=\"font-weight: 600;\">Information according to \u00a7 5 TMG<\/span><br ><span  style=\"font-weight: 400;\">\nBEPALO GmbH | Minorkaweg 16 A | 12355 Berlin\n<\/span><span  style=\"font-weight: 400;\">\n<br ><br ><span  style=\"font-weight: 600;\">Register court:<\/span> Amtsgericht Charlottenburg<\/span><br ><span  style=\"font-weight: 400;\"><span  style=\"font-weight: 600;\">\nRegister number:<\/span> HRB 282457 B<\/span><br ><span  style=\"font-weight: 400;\"><span  style=\"font-weight: 600;\">\nVAT number:<\/span> DE344966712<\/span><br ><span  style=\"font-weight: 400;\"><span  style=\"font-weight: 600;\">\nRepresented by:<\/span> Georg Klimm<\/span><br ><span  style=\"font-weight: 600;\">\nContact:<\/span><br ><span  style=\"font-weight: 400;\">\nTelefon: +49 30 85506001<\/span><br ><span  style=\"font-weight: 400;\">\nE-Mail: info@bepalo.de\n<\/span><br ><span  style=\"font-weight: 600;\">\nConsumer dispute resolution \/ universal arbitration board<\/span><br ><span  style=\"font-weight: 400;\">\nWe are not willing or obliged to participate in dispute resolution proceedings before a consumer arbitration board.<\/span><br ><span  style=\"font-weight: 400;\">\nSource: <a data-mce-href=\"https:\/\/www.e-recht24.de\/\" href=\"https:\/\/www.e-recht24.de\" target=\"_blank\" rel=\"noopener\" data-mce-selected=\"inline-boundary\" data-cp-link=\"1\" class=\"\">eRecht24<\/a><\/span><br ><span  style=\"font-weight: 400;\">\n<br ><br ><span  style=\"font-weight: 600;\">\nDisclaimer\n<\/span><\/span><br ><span  style=\"font-weight: 600;\">\n1. content of the online offer<\/span><br ><span  style=\"font-weight: 400;\">\nBEPALO GmbH assumes no liability for the topicality, correctness, completeness or quality of the information provided. Liability claims against BEPALO GmbH relating to material or immaterial damage caused by the use or non-use of the information provided or by the use of incorrect or incomplete information are fundamentally excluded, provided that there is no demonstrable intentional or grossly negligent fault on the part of the person responsible.<\/span><br ><span  style=\"font-weight: 600;\">\n2. references and links<\/span><br ><span  style=\"font-weight: 400;\">\nMit Urteil vom 12. Mai 1998 hat das Landgericht Hamburg entschieden, dass man durch die Ausbringung eines Links die Inhalte der gelinkten Seite ggf. mit zu verantworten hat. Dies kann laut Urteil des Gerichts nur dadurch verhindert werden, dass man sich ausdr\u00fccklich von diesen Inhalten distanziert. Die BEPALO GmbH hat auf diesen Seiten diverse Links zu anderen Seiten im Internet gelegt. F\u00fcr alle diese Links gilt:<\/span><br ><span  style=\"font-weight: 400;\">\nDie BEPALO GmbH erkl\u00e4rt ausdr\u00fccklich, dass zum Zeitpunkt der Linksetzung die entsprechenden verlinkten Seiten frei von illegalen Inhalten waren. Auf die aktuelle und zuk\u00fcnftige Gestaltung, die Inhalte oder die Urheberschaft der gelinkten\/verkn\u00fcpften Seiten hat die BEPALO GmbH keinerlei Einfluss. Deshalb distanziert sich der Site-Betreiber hiermit ausdr\u00fccklich von allen Inhalten aller gelinkten \/verkn\u00fcpften Seiten, die nach der Linksetzung ver\u00e4ndert wurden. Diese Feststellung gilt f\u00fcr alle innerhalb des eigenen Internetangebotes gesetzten Links und Verweise sowie f\u00fcr Fremdeintr\u00e4ge in den von uns eingerichteten G\u00e4steb\u00fcchern, Diskussionsforen und Mailinglisten. Diese Erkl\u00e4rung gilt f\u00fcr alle auf der Website angezeigten Links und f\u00fcr alle Inhalte der Seiten, zu denen die bei ihr angemeldeten Banner und Links f\u00fchren.<\/span><br ><span  style=\"font-weight: 600;\">\n3. copyright and trademark law<\/span><br ><span  style=\"font-weight: 400;\">\nDie BEPALO GmbH ist bestrebt, in allen Publikationen die Urheberrechte der verwendeten Grafiken, Tondokumente, Videosequenzen und Texte zu beachten, von ihr selbst erstellte Grafiken, Tondokumente, Videosequenzen und Texte zu nutzen oder auf lizenzfreie Grafiken, Tondokumente, Videosequenzen und Texte zur\u00fcckzugreifen.<\/span><br ><span  style=\"font-weight: 400;\">\nAlle innerhalb des Internetangebotes genannten und ggf. durch Dritte gesch\u00fctzten Marken- und Warenzeichen unterliegen uneingeschr\u00e4nkt den Bestimmungen des jeweils g\u00fcltigen Kennzeichenrechts und den Besitzrechten der jeweiligen eingetragenen Eigent\u00fcmer. Allein aufgrund der blo\u00dfen Nennung ist nicht der Schlu\u00df zu ziehen, dass Markenzeichen nicht durch Rechte Dritter gesch\u00fctzt sind!<\/span><br ><span  style=\"font-weight: 400;\">\nDas Copyright f\u00fcr ver\u00f6ffentlichte, von der BEPALO GmbH selbst erstellte Objekte bleibt allein bei der BEPALO GmbH. Eine Vervielf\u00e4ltigung oder Verwendung solcher Grafiken, Tondokumente, Videosequenzen und Texte in anderen elektronischen oder gedruckten Publikationen ist ohne ausdr\u00fcckliche Zustimmung vom Site-Betreiber nicht gestattet.<\/span><br ><span  style=\"font-weight: 600;\">\n4. data protection<\/span><br ><span  style=\"font-weight: 400;\">\nSofern innerhalb des Internetangebotes die M\u00f6glichkeit zur Eingabe pers\u00f6nlicher oder gesch\u00e4ftlicher Daten (Emailadressen, Namen, Anschriften) besteht, so erfolgt die Preisgabe dieser Daten seitens des Nutzers auf ausdr\u00fccklich freiwilliger Basis. Die Inanspruchnahme und Bezahlung aller angebotenen Dienste ist \u2013 soweit technisch m\u00f6glich und zumutbar \u2013 auch ohne Angabe solcher Daten bzw. unter Angabe anonymisierter Daten oder eines Pseudonyms gestattet.<\/span><br ><span  style=\"font-weight: 400;\">\nAusf\u00fchrliche Informationen zur Datenerhebung auf dieser Webseite finden Sie auf der Unterseite Datenschutz.<\/span><br ><span  style=\"font-weight: 600;\">\n5. gender reference<\/span><br ><span  style=\"font-weight: 400;\">\nFor reasons of better readability, the masculine form is used for personal designations and personal nouns on this website. Corresponding terms apply to all genders in the interests of equal treatment. The abbreviated form is for editorial reasons only and does not imply any judgment.<\/span><br ><span  style=\"font-weight: 600;\">\n6 Legal validity of this disclaimer<\/span><br ><span  style=\"font-weight: 400;\">\nThis disclaimer is to be regarded as part of the internet publication which you were referred from. If sections or individual terms of this statement are not legal or correct, the content or validity of the other parts remain uninfluenced by this fact.<\/span><\/p><\/div> <\/div> <div  class=\"row center-xs middle-xs\"> <div  class=\"col-sm-9\" data-type=\"column\"> <\/div> <\/div><\/div> <\/div>","protected":false},"excerpt":{"rendered":"<p>Impressum Angaben gem\u00e4\u00df \u00a7 5 TMG BEPALO GmbH | Minorkaweg 16 A | 12355 Berlin Registergericht: Amtsgericht Charlottenburg Registernummer: HRB 282457 B USt-IdNr.: DE344966712 Vertreten durch: Georg Klimm Kontakt: Telefon: +49 30 85506001 E-Mail: info@bepalo.de Verbraucherstreitbeilegung \/ Universalschlichtungsstelle Wir sind nicht bereit oder verpflichtet, an Streitbeilegungsverfahren vor einer Verbraucherschlichtungsstelle teilzunehmen. Quelle: eRecht24 Haftungsausschluss: 1. Inhalt&hellip; <br \/> <a class=\"read-more\" href=\"https:\/\/www.bepalo.de\/en_us\/impressum\/\">Read more<\/a><\/p>","protected":false},"author":2,"featured_media":38,"parent":0,"menu_order":0,"comment_status":"closed","ping_status":"closed","template":"pro\/page-templates\/full-width-page.php","meta":{"footnotes":""},"class_list":["post-2","page","type-page","status-publish","has-post-thumbnail","hentry"],"_links":{"self":[{"href":"https:\/\/www.bepalo.de\/en_us\/wp-json\/wp\/v2\/pages\/2","targetHints":{"allow":["GET"]}}],"collection":[{"href":"https:\/\/www.bepalo.de\/en_us\/wp-json\/wp\/v2\/pages"}],"about":[{"href":"https:\/\/www.bepalo.de\/en_us\/wp-json\/wp\/v2\/types\/page"}],"author":[{"embeddable":true,"href":"https:\/\/www.bepalo.de\/en_us\/wp-json\/wp\/v2\/users\/2"}],"replies":[{"embeddable":true,"href":"https:\/\/www.bepalo.de\/en_us\/wp-json\/wp\/v2\/comments?post=2"}],"version-history":[{"count":13,"href":"https:\/\/www.bepalo.de\/en_us\/wp-json\/wp\/v2\/pages\/2\/revisions"}],"predecessor-version":[{"id":548,"href":"https:\/\/www.bepalo.de\/en_us\/wp-json\/wp\/v2\/pages\/2\/revisions\/548"}],"wp:featuredmedia":[{"embeddable":true,"href":"https:\/\/www.bepalo.de\/en_us\/wp-json\/wp\/v2\/media\/38"}],"wp:attachment":[{"href":"https:\/\/www.bepalo.de\/en_us\/wp-json\/wp\/v2\/media?parent=2"}],"curies":[{"name":"wp","href":"https:\/\/api.w.org\/{rel}","templated":true}]}}